{"id":999,"date":"2023-08-27T07:13:34","date_gmt":"2023-08-27T07:13:34","guid":{"rendered":"https:\/\/patiotime.loftocean.com\/demo11\/?post_type=product&amp;p=999"},"modified":"2023-08-27T07:13:34","modified_gmt":"2023-08-27T07:13:34","slug":"signature-lemon-soda","status":"publish","type":"product","link":"https:\/\/saladboxmarrakech.com\/index.php\/product\/signature-lemon-soda\/","title":{"rendered":"Signature Lemon Soda"},"content":{"rendered":"<div class=\"woocommerce-tabs wc-tabs-wrapper\">\n<div id=\"tab-description\" class=\"woocommerce-Tabs-panel woocommerce-Tabs-panel--description panel entry-content wc-tab\" role=\"tabpanel\" aria-labelledby=\"tab-title-description\">\n<p>Lorem ipsum dolor sit amet, consectetuer adipiscing elit. Aenean commodo ligula eget dolor. Aenean massa. Cum sociis natoque penatibus et magnis dis parturient montes, nascetur ridiculus mus. Donec quam felis, ultricies nec, pellentesque eu, pretium quis, sem. Nulla consequat massa quis enim. Donec pede justo, fringilla vel, aliquet nec, vulputate eget, arcu. In enim justo, rhoncus ut, imperdiet a, venenatis vitae, justo. Nullam dictum felis eu pede mollis pretium. Integer tincidunt.<\/p>\n<p>Cras dapibus. Vivamus elementum semper nisi. Aenean vulputate eleifend tellus. Aenean leo ligula, porttitor eu, consequat vitae, eleifend ac, enim. Aliquam lorem ante, dapibus in, viverra quis, feugiat a, tellus.<\/p>\n<\/div>\n<\/div>\n","protected":false},"excerpt":{"rendered":"<p>Cras dapibus. Vivamus elementum semper nisi. Aenean vulputate eleifend tellus. Aenean leo ligula, porttitor eu, consequat vitae, eleifend ac, enim. Aliquam lorem ante, dapibus in, viverra quis, feugiat a, tellus.<\/p>\n","protected":false},"featured_media":447,"comment_status":"open","ping_status":"closed","template":"","meta":{"_joinchat":[]},"product_cat":[21],"product_tag":[22,24],"class_list":{"0":"post-999","1":"product","2":"type-product","3":"status-publish","4":"has-post-thumbnail","6":"product_cat-drinks","7":"product_tag-fruit-tea","8":"product_tag-seasonal","10":"first","11":"instock","12":"shipping-taxable","13":"purchasable","14":"product-type-simple"},"yoast_head":"<!-- This site is optimized with the Yoast SEO plugin v23.9 - https:\/\/yoast.com\/wordpress\/plugins\/seo\/ -->\n<title>Signature Lemon Soda - saladbox marrakech<\/title>\n<meta name=\"robots\" content=\"index, follow, max-snippet:-1, max-image-preview:large, max-video-preview:-1\" \/>\n<link rel=\"canonical\" href=\"https:\/\/saladboxmarrakech.com\/index.php\/product\/signature-lemon-soda\/\" \/>\n<meta property=\"og:locale\" content=\"fr_FR\" \/>\n<meta property=\"og:type\" content=\"article\" \/>\n<meta property=\"og:title\" content=\"Signature Lemon Soda - saladbox marrakech\" \/>\n<meta property=\"og:description\" content=\"Cras dapibus. Vivamus elementum semper nisi. Aenean vulputate eleifend tellus. Aenean leo ligula, porttitor eu, consequat vitae, eleifend ac, enim. Aliquam lorem ante, dapibus in, viverra quis, feugiat a, tellus.\" \/>\n<meta property=\"og:url\" content=\"https:\/\/saladboxmarrakech.com\/index.php\/product\/signature-lemon-soda\/\" \/>\n<meta property=\"og:site_name\" content=\"saladbox marrakech\" \/>\n<meta property=\"article:publisher\" content=\"https:\/\/www.facebook.com\/share\/16VdV5eHcG\/?mibextid=wwXIfr\" \/>\n<meta name=\"twitter:card\" content=\"summary_large_image\" \/>\n<meta name=\"twitter:label1\" content=\"Dur\u00e9e de lecture estim\u00e9e\" \/>\n\t<meta name=\"twitter:data1\" content=\"1 minute\" \/>\n<script type=\"application\/ld+json\" class=\"yoast-schema-graph\">{\"@context\":\"https:\/\/schema.org\",\"@graph\":[{\"@type\":\"WebPage\",\"@id\":\"https:\/\/saladboxmarrakech.com\/index.php\/product\/signature-lemon-soda\/\",\"url\":\"https:\/\/saladboxmarrakech.com\/index.php\/product\/signature-lemon-soda\/\",\"name\":\"Signature Lemon Soda - saladbox marrakech\",\"isPartOf\":{\"@id\":\"https:\/\/saladboxmarrakech.com\/#website\"},\"primaryImageOfPage\":{\"@id\":\"https:\/\/saladboxmarrakech.com\/index.php\/product\/signature-lemon-soda\/#primaryimage\"},\"image\":{\"@id\":\"https:\/\/saladboxmarrakech.com\/index.php\/product\/signature-lemon-soda\/#primaryimage\"},\"thumbnailUrl\":\"https:\/\/saladboxmarrakech.com\/wp-content\/uploads\/2023\/06\/svitlana-PwxHOrFkCdU-unsplash.jpg\",\"datePublished\":\"2023-08-27T07:13:34+00:00\",\"dateModified\":\"2023-08-27T07:13:34+00:00\",\"breadcrumb\":{\"@id\":\"https:\/\/saladboxmarrakech.com\/index.php\/product\/signature-lemon-soda\/#breadcrumb\"},\"inLanguage\":\"fr-FR\",\"potentialAction\":[{\"@type\":\"ReadAction\",\"target\":[\"https:\/\/saladboxmarrakech.com\/index.php\/product\/signature-lemon-soda\/\"]}]},{\"@type\":\"ImageObject\",\"inLanguage\":\"fr-FR\",\"@id\":\"https:\/\/saladboxmarrakech.com\/index.php\/product\/signature-lemon-soda\/#primaryimage\",\"url\":\"https:\/\/saladboxmarrakech.com\/wp-content\/uploads\/2023\/06\/svitlana-PwxHOrFkCdU-unsplash.jpg\",\"contentUrl\":\"https:\/\/saladboxmarrakech.com\/wp-content\/uploads\/2023\/06\/svitlana-PwxHOrFkCdU-unsplash.jpg\",\"width\":1000,\"height\":1000},{\"@type\":\"BreadcrumbList\",\"@id\":\"https:\/\/saladboxmarrakech.com\/index.php\/product\/signature-lemon-soda\/#breadcrumb\",\"itemListElement\":[{\"@type\":\"ListItem\",\"position\":1,\"name\":\"Home\",\"item\":\"https:\/\/saladboxmarrakech.com\/\"},{\"@type\":\"ListItem\",\"position\":2,\"name\":\"Shop\",\"item\":\"https:\/\/saladboxmarrakech.com\/index.php\/shop\/\"},{\"@type\":\"ListItem\",\"position\":3,\"name\":\"Signature Lemon Soda\"}]},{\"@type\":\"WebSite\",\"@id\":\"https:\/\/saladboxmarrakech.com\/#website\",\"url\":\"https:\/\/saladboxmarrakech.com\/\",\"name\":\"saladbox marrakech\",\"description\":\"D\u00e9couvrez SALADBOX RESTAURANT \u00e0 MARRAKECH, votre destination id\u00e9ale pour des repas sains, savoureux et diversifi\u00e9s \u00e0 Marrakech !\",\"publisher\":{\"@id\":\"https:\/\/saladboxmarrakech.com\/#organization\"},\"potentialAction\":[{\"@type\":\"SearchAction\",\"target\":{\"@type\":\"EntryPoint\",\"urlTemplate\":\"https:\/\/saladboxmarrakech.com\/?s={search_term_string}\"},\"query-input\":{\"@type\":\"PropertyValueSpecification\",\"valueRequired\":true,\"valueName\":\"search_term_string\"}}],\"inLanguage\":\"fr-FR\"},{\"@type\":\"Organization\",\"@id\":\"https:\/\/saladboxmarrakech.com\/#organization\",\"name\":\"saladbox marrakech\",\"url\":\"https:\/\/saladboxmarrakech.com\/\",\"logo\":{\"@type\":\"ImageObject\",\"inLanguage\":\"fr-FR\",\"@id\":\"https:\/\/saladboxmarrakech.com\/#\/schema\/logo\/image\/\",\"url\":\"https:\/\/saladboxmarrakech.com\/wp-content\/uploads\/2024\/11\/icon.jpg\",\"contentUrl\":\"https:\/\/saladboxmarrakech.com\/wp-content\/uploads\/2024\/11\/icon.jpg\",\"width\":512,\"height\":524,\"caption\":\"saladbox marrakech\"},\"image\":{\"@id\":\"https:\/\/saladboxmarrakech.com\/#\/schema\/logo\/image\/\"},\"sameAs\":[\"https:\/\/www.facebook.com\/share\/16VdV5eHcG\/?mibextid=wwXIfr\",\"https:\/\/www.instagram.com\/saladboxmarrakech\"]}]}<\/script>\n<!-- \/ Yoast SEO plugin. -->","yoast_head_json":{"title":"Signature Lemon Soda - saladbox marrakech","robots":{"index":"index","follow":"follow","max-snippet":"max-snippet:-1","max-image-preview":"max-image-preview:large","max-video-preview":"max-video-preview:-1"},"canonical":"https:\/\/saladboxmarrakech.com\/index.php\/product\/signature-lemon-soda\/","og_locale":"fr_FR","og_type":"article","og_title":"Signature Lemon Soda - saladbox marrakech","og_description":"Cras dapibus. Vivamus elementum semper nisi. Aenean vulputate eleifend tellus. Aenean leo ligula, porttitor eu, consequat vitae, eleifend ac, enim. Aliquam lorem ante, dapibus in, viverra quis, feugiat a, tellus.","og_url":"https:\/\/saladboxmarrakech.com\/index.php\/product\/signature-lemon-soda\/","og_site_name":"saladbox marrakech","article_publisher":"https:\/\/www.facebook.com\/share\/16VdV5eHcG\/?mibextid=wwXIfr","twitter_card":"summary_large_image","twitter_misc":{"Dur\u00e9e de lecture estim\u00e9e":"1 minute"},"schema":{"@context":"https:\/\/schema.org","@graph":[{"@type":"WebPage","@id":"https:\/\/saladboxmarrakech.com\/index.php\/product\/signature-lemon-soda\/","url":"https:\/\/saladboxmarrakech.com\/index.php\/product\/signature-lemon-soda\/","name":"Signature Lemon Soda - saladbox marrakech","isPartOf":{"@id":"https:\/\/saladboxmarrakech.com\/#website"},"primaryImageOfPage":{"@id":"https:\/\/saladboxmarrakech.com\/index.php\/product\/signature-lemon-soda\/#primaryimage"},"image":{"@id":"https:\/\/saladboxmarrakech.com\/index.php\/product\/signature-lemon-soda\/#primaryimage"},"thumbnailUrl":"https:\/\/saladboxmarrakech.com\/wp-content\/uploads\/2023\/06\/svitlana-PwxHOrFkCdU-unsplash.jpg","datePublished":"2023-08-27T07:13:34+00:00","dateModified":"2023-08-27T07:13:34+00:00","breadcrumb":{"@id":"https:\/\/saladboxmarrakech.com\/index.php\/product\/signature-lemon-soda\/#breadcrumb"},"inLanguage":"fr-FR","potentialAction":[{"@type":"ReadAction","target":["https:\/\/saladboxmarrakech.com\/index.php\/product\/signature-lemon-soda\/"]}]},{"@type":"ImageObject","inLanguage":"fr-FR","@id":"https:\/\/saladboxmarrakech.com\/index.php\/product\/signature-lemon-soda\/#primaryimage","url":"https:\/\/saladboxmarrakech.com\/wp-content\/uploads\/2023\/06\/svitlana-PwxHOrFkCdU-unsplash.jpg","contentUrl":"https:\/\/saladboxmarrakech.com\/wp-content\/uploads\/2023\/06\/svitlana-PwxHOrFkCdU-unsplash.jpg","width":1000,"height":1000},{"@type":"BreadcrumbList","@id":"https:\/\/saladboxmarrakech.com\/index.php\/product\/signature-lemon-soda\/#breadcrumb","itemListElement":[{"@type":"ListItem","position":1,"name":"Home","item":"https:\/\/saladboxmarrakech.com\/"},{"@type":"ListItem","position":2,"name":"Shop","item":"https:\/\/saladboxmarrakech.com\/index.php\/shop\/"},{"@type":"ListItem","position":3,"name":"Signature Lemon Soda"}]},{"@type":"WebSite","@id":"https:\/\/saladboxmarrakech.com\/#website","url":"https:\/\/saladboxmarrakech.com\/","name":"saladbox marrakech","description":"D\u00e9couvrez SALADBOX RESTAURANT \u00e0 MARRAKECH, votre destination id\u00e9ale pour des repas sains, savoureux et diversifi\u00e9s \u00e0 Marrakech !","publisher":{"@id":"https:\/\/saladboxmarrakech.com\/#organization"},"potentialAction":[{"@type":"SearchAction","target":{"@type":"EntryPoint","urlTemplate":"https:\/\/saladboxmarrakech.com\/?s={search_term_string}"},"query-input":{"@type":"PropertyValueSpecification","valueRequired":true,"valueName":"search_term_string"}}],"inLanguage":"fr-FR"},{"@type":"Organization","@id":"https:\/\/saladboxmarrakech.com\/#organization","name":"saladbox marrakech","url":"https:\/\/saladboxmarrakech.com\/","logo":{"@type":"ImageObject","inLanguage":"fr-FR","@id":"https:\/\/saladboxmarrakech.com\/#\/schema\/logo\/image\/","url":"https:\/\/saladboxmarrakech.com\/wp-content\/uploads\/2024\/11\/icon.jpg","contentUrl":"https:\/\/saladboxmarrakech.com\/wp-content\/uploads\/2024\/11\/icon.jpg","width":512,"height":524,"caption":"saladbox marrakech"},"image":{"@id":"https:\/\/saladboxmarrakech.com\/#\/schema\/logo\/image\/"},"sameAs":["https:\/\/www.facebook.com\/share\/16VdV5eHcG\/?mibextid=wwXIfr","https:\/\/www.instagram.com\/saladboxmarrakech"]}]}},"_links":{"self":[{"href":"https:\/\/saladboxmarrakech.com\/index.php\/wp-json\/wp\/v2\/product\/999","targetHints":{"allow":["GET"]}}],"collection":[{"href":"https:\/\/saladboxmarrakech.com\/index.php\/wp-json\/wp\/v2\/product"}],"about":[{"href":"https:\/\/saladboxmarrakech.com\/index.php\/wp-json\/wp\/v2\/types\/product"}],"replies":[{"embeddable":true,"href":"https:\/\/saladboxmarrakech.com\/index.php\/wp-json\/wp\/v2\/comments?post=999"}],"wp:featuredmedia":[{"embeddable":true,"href":"https:\/\/saladboxmarrakech.com\/index.php\/wp-json\/wp\/v2\/media\/447"}],"wp:attachment":[{"href":"https:\/\/saladboxmarrakech.com\/index.php\/wp-json\/wp\/v2\/media?parent=999"}],"wp:term":[{"taxonomy":"product_cat","embeddable":true,"href":"https:\/\/saladboxmarrakech.com\/index.php\/wp-json\/wp\/v2\/product_cat?post=999"},{"taxonomy":"product_tag","embeddable":true,"href":"https:\/\/saladboxmarrakech.com\/index.php\/wp-json\/wp\/v2\/product_tag?post=999"}],"curies":[{"name":"wp","href":"https:\/\/api.w.org\/{rel}","templated":true}]}}