{"id":988,"date":"2023-08-27T06:52:32","date_gmt":"2023-08-27T06:52:32","guid":{"rendered":"https:\/\/patiotime.loftocean.com\/demo11\/cart\/"},"modified":"2023-08-27T06:52:32","modified_gmt":"2023-08-27T06:52:32","slug":"cart-2","status":"publish","type":"page","link":"https:\/\/saladboxmarrakech.com\/index.php\/cart-2\/","title":{"rendered":"Cart"},"content":{"rendered":"","protected":false},"excerpt":{"rendered":"","protected":false},"author":1,"featured_media":0,"parent":0,"menu_order":0,"comment_status":"closed","ping_status":"closed","template":"","meta":{"patiotime_single_page_hide_site_header":"","patiotime_single_page_site_header_source":"","patiotime_single_page_custom_site_header":"0","patiotime_single_page_custom_sticky_site_header":"0","patiotime_single_page_custom_page_title_margin_top_source":"","patiotime_single_page_custom_page_title_desktop_margin_top":"","patiotime_single_page_custom_page_title_tablet_margin_top":"","patiotime_single_page_custom_page_title_mobile_margin_top":"","patiotime_single_page_hide_page_title":"","patiotime_single_page_header_section_size":"","patiotime_single_page_header_background_color":"","patiotime_single_page_header_background_position_x":"center","patiotime_single_page_header_background_position_y":"center","patiotime_single_page_header_background_size":"cover","patiotime_single_page_header_background_repeat":"off","patiotime_single_page_header_background_scroll":"on","patiotime_single_page_header_text_color":"","patiotime_single_page_header_show_breadcrumb":"","patiotime_single_page_site_footer_hide_main":"","patiotime_single_custom_site_footer_main_source":"","patiotime_single_custom_site_footer_main":"0","patiotime_single_page_site_footer_hide_above":"","patiotime_single_custom_site_footer_above_source":"","patiotime_single_custom_site_footer_above":"0","patiotime_single_page_site_footer_hide_instagram":"","patiotime_single_page_site_footer_hide_bottom":"","patiotime_single_custom_mobile_menu_source":"","patiotime_single_custom_mobile_menu":"0","patiotime_single_custom_mobile_menu_animation":"","patiotime_single_custom_mobile_menu_width":"","patiotime_single_custom_mobile_menu_custom_width":375,"_joinchat":[],"footnotes":""},"class_list":["post-988","page","type-page","status-publish","hentry"],"yoast_head":"<!-- This site is optimized with the Yoast SEO plugin v23.9 - https:\/\/yoast.com\/wordpress\/plugins\/seo\/ -->\n<title>Cart - saladbox marrakech<\/title>\n<meta name=\"robots\" content=\"index, follow, max-snippet:-1, max-image-preview:large, max-video-preview:-1\" \/>\n<link rel=\"canonical\" href=\"https:\/\/saladboxmarrakech.com\/index.php\/cart-2\/\" \/>\n<meta property=\"og:locale\" content=\"fr_FR\" \/>\n<meta property=\"og:type\" content=\"article\" \/>\n<meta property=\"og:title\" content=\"Cart - saladbox marrakech\" \/>\n<meta property=\"og:url\" content=\"https:\/\/saladboxmarrakech.com\/index.php\/cart-2\/\" \/>\n<meta property=\"og:site_name\" content=\"saladbox marrakech\" \/>\n<meta property=\"article:publisher\" content=\"https:\/\/www.facebook.com\/share\/16VdV5eHcG\/?mibextid=wwXIfr\" \/>\n<meta name=\"twitter:card\" content=\"summary_large_image\" \/>\n<script type=\"application\/ld+json\" class=\"yoast-schema-graph\">{\"@context\":\"https:\/\/schema.org\",\"@graph\":[{\"@type\":\"WebPage\",\"@id\":\"https:\/\/saladboxmarrakech.com\/index.php\/cart-2\/\",\"url\":\"https:\/\/saladboxmarrakech.com\/index.php\/cart-2\/\",\"name\":\"Cart - saladbox marrakech\",\"isPartOf\":{\"@id\":\"https:\/\/saladboxmarrakech.com\/#website\"},\"datePublished\":\"2023-08-27T06:52:32+00:00\",\"dateModified\":\"2023-08-27T06:52:32+00:00\",\"breadcrumb\":{\"@id\":\"https:\/\/saladboxmarrakech.com\/index.php\/cart-2\/#breadcrumb\"},\"inLanguage\":\"fr-FR\",\"potentialAction\":[{\"@type\":\"ReadAction\",\"target\":[\"https:\/\/saladboxmarrakech.com\/index.php\/cart-2\/\"]}]},{\"@type\":\"BreadcrumbList\",\"@id\":\"https:\/\/saladboxmarrakech.com\/index.php\/cart-2\/#breadcrumb\",\"itemListElement\":[{\"@type\":\"ListItem\",\"position\":1,\"name\":\"Home\",\"item\":\"https:\/\/saladboxmarrakech.com\/\"},{\"@type\":\"ListItem\",\"position\":2,\"name\":\"Cart\"}]},{\"@type\":\"WebSite\",\"@id\":\"https:\/\/saladboxmarrakech.com\/#website\",\"url\":\"https:\/\/saladboxmarrakech.com\/\",\"name\":\"saladbox marrakech\",\"description\":\"D\u00e9couvrez SALADBOX RESTAURANT \u00e0 MARRAKECH, votre destination id\u00e9ale pour des repas sains, savoureux et diversifi\u00e9s \u00e0 Marrakech !\",\"publisher\":{\"@id\":\"https:\/\/saladboxmarrakech.com\/#organization\"},\"potentialAction\":[{\"@type\":\"SearchAction\",\"target\":{\"@type\":\"EntryPoint\",\"urlTemplate\":\"https:\/\/saladboxmarrakech.com\/?s={search_term_string}\"},\"query-input\":{\"@type\":\"PropertyValueSpecification\",\"valueRequired\":true,\"valueName\":\"search_term_string\"}}],\"inLanguage\":\"fr-FR\"},{\"@type\":\"Organization\",\"@id\":\"https:\/\/saladboxmarrakech.com\/#organization\",\"name\":\"saladbox marrakech\",\"url\":\"https:\/\/saladboxmarrakech.com\/\",\"logo\":{\"@type\":\"ImageObject\",\"inLanguage\":\"fr-FR\",\"@id\":\"https:\/\/saladboxmarrakech.com\/#\/schema\/logo\/image\/\",\"url\":\"https:\/\/saladboxmarrakech.com\/wp-content\/uploads\/2024\/11\/icon.jpg\",\"contentUrl\":\"https:\/\/saladboxmarrakech.com\/wp-content\/uploads\/2024\/11\/icon.jpg\",\"width\":512,\"height\":524,\"caption\":\"saladbox marrakech\"},\"image\":{\"@id\":\"https:\/\/saladboxmarrakech.com\/#\/schema\/logo\/image\/\"},\"sameAs\":[\"https:\/\/www.facebook.com\/share\/16VdV5eHcG\/?mibextid=wwXIfr\",\"https:\/\/www.instagram.com\/saladboxmarrakech\"]}]}<\/script>\n<!-- \/ Yoast SEO plugin. -->","yoast_head_json":{"title":"Cart - saladbox marrakech","robots":{"index":"index","follow":"follow","max-snippet":"max-snippet:-1","max-image-preview":"max-image-preview:large","max-video-preview":"max-video-preview:-1"},"canonical":"https:\/\/saladboxmarrakech.com\/index.php\/cart-2\/","og_locale":"fr_FR","og_type":"article","og_title":"Cart - saladbox marrakech","og_url":"https:\/\/saladboxmarrakech.com\/index.php\/cart-2\/","og_site_name":"saladbox marrakech","article_publisher":"https:\/\/www.facebook.com\/share\/16VdV5eHcG\/?mibextid=wwXIfr","twitter_card":"summary_large_image","schema":{"@context":"https:\/\/schema.org","@graph":[{"@type":"WebPage","@id":"https:\/\/saladboxmarrakech.com\/index.php\/cart-2\/","url":"https:\/\/saladboxmarrakech.com\/index.php\/cart-2\/","name":"Cart - saladbox marrakech","isPartOf":{"@id":"https:\/\/saladboxmarrakech.com\/#website"},"datePublished":"2023-08-27T06:52:32+00:00","dateModified":"2023-08-27T06:52:32+00:00","breadcrumb":{"@id":"https:\/\/saladboxmarrakech.com\/index.php\/cart-2\/#breadcrumb"},"inLanguage":"fr-FR","potentialAction":[{"@type":"ReadAction","target":["https:\/\/saladboxmarrakech.com\/index.php\/cart-2\/"]}]},{"@type":"BreadcrumbList","@id":"https:\/\/saladboxmarrakech.com\/index.php\/cart-2\/#breadcrumb","itemListElement":[{"@type":"ListItem","position":1,"name":"Home","item":"https:\/\/saladboxmarrakech.com\/"},{"@type":"ListItem","position":2,"name":"Cart"}]},{"@type":"WebSite","@id":"https:\/\/saladboxmarrakech.com\/#website","url":"https:\/\/saladboxmarrakech.com\/","name":"saladbox marrakech","description":"D\u00e9couvrez SALADBOX RESTAURANT \u00e0 MARRAKECH, votre destination id\u00e9ale pour des repas sains, savoureux et diversifi\u00e9s \u00e0 Marrakech !","publisher":{"@id":"https:\/\/saladboxmarrakech.com\/#organization"},"potentialAction":[{"@type":"SearchAction","target":{"@type":"EntryPoint","urlTemplate":"https:\/\/saladboxmarrakech.com\/?s={search_term_string}"},"query-input":{"@type":"PropertyValueSpecification","valueRequired":true,"valueName":"search_term_string"}}],"inLanguage":"fr-FR"},{"@type":"Organization","@id":"https:\/\/saladboxmarrakech.com\/#organization","name":"saladbox marrakech","url":"https:\/\/saladboxmarrakech.com\/","logo":{"@type":"ImageObject","inLanguage":"fr-FR","@id":"https:\/\/saladboxmarrakech.com\/#\/schema\/logo\/image\/","url":"https:\/\/saladboxmarrakech.com\/wp-content\/uploads\/2024\/11\/icon.jpg","contentUrl":"https:\/\/saladboxmarrakech.com\/wp-content\/uploads\/2024\/11\/icon.jpg","width":512,"height":524,"caption":"saladbox marrakech"},"image":{"@id":"https:\/\/saladboxmarrakech.com\/#\/schema\/logo\/image\/"},"sameAs":["https:\/\/www.facebook.com\/share\/16VdV5eHcG\/?mibextid=wwXIfr","https:\/\/www.instagram.com\/saladboxmarrakech"]}]}},"_links":{"self":[{"href":"https:\/\/saladboxmarrakech.com\/index.php\/wp-json\/wp\/v2\/pages\/988","targetHints":{"allow":["GET"]}}],"collection":[{"href":"https:\/\/saladboxmarrakech.com\/index.php\/wp-json\/wp\/v2\/pages"}],"about":[{"href":"https:\/\/saladboxmarrakech.com\/index.php\/wp-json\/wp\/v2\/types\/page"}],"author":[{"embeddable":true,"href":"https:\/\/saladboxmarrakech.com\/index.php\/wp-json\/wp\/v2\/users\/1"}],"replies":[{"embeddable":true,"href":"https:\/\/saladboxmarrakech.com\/index.php\/wp-json\/wp\/v2\/comments?post=988"}],"version-history":[{"count":0,"href":"https:\/\/saladboxmarrakech.com\/index.php\/wp-json\/wp\/v2\/pages\/988\/revisions"}],"wp:attachment":[{"href":"https:\/\/saladboxmarrakech.com\/index.php\/wp-json\/wp\/v2\/media?parent=988"}],"curies":[{"name":"wp","href":"https:\/\/api.w.org\/{rel}","templated":true}]}}